{"id":9,"date":"2009-04-11T17:05:12","date_gmt":"2009-04-11T10:05:12","guid":{"rendered":"http:\/\/nguyenmaitram.com\/blog\/about\/"},"modified":"2018-02-11T00:34:08","modified_gmt":"2018-02-10T17:34:08","slug":"about","status":"publish","type":"page","link":"https:\/\/nguyenmaitram.com\/blog\/about\/","title":{"rendered":"V\u1ec1 Tui"},"content":{"rendered":"<p>M\u1ed9t k\u1ebb r\u1ea3nh r\u1ed7i, th\u00edch chia s\u1ebb suy ngh\u0129 v\u1ec1 nh\u1eefng cu\u1ed1n s\u00e1ch \u0111\u00e3 \u0111\u1ecdc, nh\u1eefng b\u1ed9 phim \u0111\u00e3 coi, v\u1ec1 nh\u1eefng qu\u00e1n caf\u00e9 \u0111\u00e3 gh\u00e9 qua, nh\u1eefng s\u1ef1 vi\u1ec7c \u0111\u00e3&nbsp;tr\u00f4ng th\u1ea5y&nbsp;v\u00e0 v\u1ec1 nh\u1eefng b\u00e0i vi\u1ebft l\u00e0m cho ng\u01b0\u1eddi ta ph\u1ea3i suy ng\u1eabm &#8230;<\/p>\n<p><img data-recalc-dims=\"1\" loading=\"lazy\" decoding=\"async\" data-attachment-id=\"528\" data-permalink=\"https:\/\/nguyenmaitram.com\/blog\/about\/dsc01922\/\" data-orig-file=\"https:\/\/i0.wp.com\/nguyenmaitram.com\/blog\/wp-content\/uploads\/2014\/10\/DSC01922.jpg?fit=2048%2C1361&amp;ssl=1\" data-orig-size=\"2048,1361\" data-comments-opened=\"1\" data-image-meta=\"{&quot;aperture&quot;:&quot;6.3&quot;,&quot;credit&quot;:&quot;&quot;,&quot;camera&quot;:&quot;NEX-F3&quot;,&quot;caption&quot;:&quot;&quot;,&quot;created_timestamp&quot;:&quot;1401123569&quot;,&quot;copyright&quot;:&quot;&quot;,&quot;focal_length&quot;:&quot;16&quot;,&quot;iso&quot;:&quot;200&quot;,&quot;shutter_speed&quot;:&quot;0.003125&quot;,&quot;title&quot;:&quot;&quot;,&quot;orientation&quot;:&quot;1&quot;}\" data-image-title=\"Tui \u1edf \u0111\u00e2u \u0111\u00f3\" data-image-description=\"\" data-image-caption=\"\" data-large-file=\"https:\/\/i0.wp.com\/nguyenmaitram.com\/blog\/wp-content\/uploads\/2014\/10\/DSC01922.jpg?fit=1024%2C680&amp;ssl=1\" class=\"aligncenter wp-image-528 size-full\" src=\"https:\/\/i0.wp.com\/nguyenmaitram.com\/blog\/wp-content\/uploads\/2014\/10\/DSC01922.jpg?resize=4912%2C3264\" alt=\"Tui \u1edf \u0111\u00e2u \u0111\u00f3\" width=\"4912\" height=\"3264\" srcset=\"https:\/\/i0.wp.com\/nguyenmaitram.com\/blog\/wp-content\/uploads\/2014\/10\/DSC01922.jpg?w=2048&amp;ssl=1 2048w, https:\/\/i0.wp.com\/nguyenmaitram.com\/blog\/wp-content\/uploads\/2014\/10\/DSC01922.jpg?resize=300%2C199&amp;ssl=1 300w, https:\/\/i0.wp.com\/nguyenmaitram.com\/blog\/wp-content\/uploads\/2014\/10\/DSC01922.jpg?resize=600%2C398&amp;ssl=1 600w, https:\/\/i0.wp.com\/nguyenmaitram.com\/blog\/wp-content\/uploads\/2014\/10\/DSC01922.jpg?resize=1024%2C680&amp;ssl=1 1024w\" sizes=\"auto, (max-width: 1000px) 100vw, 1000px\" \/><\/p>\n<p>Nh\u1eefng ng\u01b0\u1eddi \u0111\u1ecdc b\u00e0i tui vi\u1ebft s\u1ebd c\u00f3 2 kh\u1ea3 n\u0103ng: m\u1ed9t l\u00e0 b\u1ea1n s\u1ebd hi\u1ec3u tui th\u00eam, c\u00f2n hai l\u00e0 b\u1ea1n c\u1ea3m gi\u00e1c nh\u01b0 b\u1ea1n ch\u01b0a t\u1eebng bi\u1ebft v\u1ec1 tui nh\u01b0 b\u1ea1n t\u01b0\u1edfng. Theo th\u1eddi gian, ch\u00fang ta \u0111\u1ec1u ngh\u0129 r\u1eb1ng nh\u1eefng ng\u01b0\u1eddi xung quanh thay \u0111\u1ed5i, nh\u01b0ng \u0111i\u1ec1u \u0111\u00f3 l\u00e0 ch\u01b0a \u0111\u1ee7 b\u1edfi v\u00ec ch\u00ednh b\u1ea3n th\u00e2n ch\u00fang ta c\u0169ng thay \u0111\u1ed5i. Hy v\u1ecdng m\u1ecdi ng\u01b0\u1eddi t\u00f4n tr\u1ecdng th\u1ebf gi\u1edbi ri\u00eang c\u1ee7a tui, c\u00f2n kh\u00f4ng th\u00edch th\u00ec tui c\u0169ng c\u00e1m \u01a1n v\u00ec c\u00e1c b\u1ea1n \u0111\u00e3 d\u00e0nh th\u1eddi gian d\u1ea1o b\u01b0\u1edbc qua \u0111\u00e2y \ud83d\ude42<\/p>\n<p>Tr\u00e2mNM 141031<\/p>\n","protected":false},"excerpt":{"rendered":"<p>M\u1ed9t k\u1ebb r\u1ea3nh r\u1ed7i, th\u00edch chia s\u1ebb suy ngh\u0129 v\u1ec1 nh\u1eefng cu\u1ed1n s\u00e1ch \u0111\u00e3 \u0111\u1ecdc, nh\u1eefng b\u1ed9 phim \u0111\u00e3 coi, v\u1ec1 nh\u1eefng qu\u00e1n caf\u00e9 \u0111\u00e3 gh\u00e9 qua, nh\u1eefng s\u1ef1 vi\u1ec7c \u0111\u00e3\u00a0tr\u00f4ng th\u1ea5y\u00a0v\u00e0 v\u1ec1 nh\u1eefng b\u00e0i vi\u1ebft l\u00e0m cho ng\u01b0\u1eddi ta ph\u1ea3i suy ng\u1eabm &#8230;<\/p>\n<p>Nh\u1eefng ng\u01b0\u1eddi \u0111\u1ecdc b\u00e0i tui vi\u1ebft s\u1ebd c\u00f3 2 kh\u1ea3 n\u0103ng: m\u1ed9t l\u00e0 b\u1ea1n s\u1ebd hi\u1ec3u tui th\u00eam, c\u00f2n hai l\u00e0 b\u1ea1n c\u1ea3m gi\u00e1c nh\u01b0 b\u1ea1n ch\u01b0a t\u1eebng bi\u1ebft v\u1ec1 tui nh\u01b0 b\u1ea1n t\u01b0\u1edfng. Theo th\u1eddi gian, ch\u00fang ta \u0111\u1ec1u ngh\u0129 r\u1eb1ng nh\u1eefng ng\u01b0\u1eddi xung quanh thay \u0111\u1ed5i, nh\u01b0ng \u0111i\u1ec1u \u0111\u00f3 l\u00e0 ch\u01b0a \u0111\u1ee7 b\u1edfi v\u00ec ch\u00ednh b\u1ea3n th\u00e2n ch\u00fang ta c\u0169ng thay \u0111\u1ed5i. Hy v\u1ecdng m\u1ecdi ng\u01b0\u1eddi t\u00f4n tr\u1ecdng th\u1ebf gi\u1edbi ri\u00eang c\u1ee7a tui, c\u00f2n kh\u00f4ng th\u00edch th\u00ec tui c\u0169ng c\u00e1m \u01a1n v\u00ec c\u00e1c b\u1ea1n \u0111\u00e3 d\u00e0nh th\u1eddi gian d\u1ea1o b\u01b0\u1edbc qua \u0111\u00e2y \ud83d\ude42<\/p>\n","protected":false},"author":1,"featured_media":0,"parent":0,"menu_order":0,"comment_status":"open","ping_status":"closed","template":"","meta":{"footnotes":""},"class_list":["post-9","page","type-page","status-publish","hentry"],"yoast_head":"<!-- This site is optimized with the Yoast SEO plugin v27.5 - https:\/\/yoast.com\/product\/yoast-seo-wordpress\/ -->\n<title>V\u1ec1 Tui - Nguy\u1ec5n Mai Tr\u00e2m<\/title>\n<meta name=\"robots\" content=\"index, follow, max-snippet:-1, max-image-preview:large, max-video-preview:-1\" \/>\n<link rel=\"canonical\" href=\"https:\/\/nguyenmaitram.com\/blog\/about\/\" \/>\n<meta property=\"og:locale\" content=\"en_US\" \/>\n<meta property=\"og:type\" content=\"article\" \/>\n<meta property=\"og:title\" content=\"V\u1ec1 Tui - Nguy\u1ec5n Mai Tr\u00e2m\" \/>\n<meta property=\"og:description\" content=\"M\u1ed9t k\u1ebb r\u1ea3nh r\u1ed7i, th\u00edch chia s\u1ebb suy ngh\u0129 v\u1ec1 nh\u1eefng cu\u1ed1n s\u00e1ch \u0111\u00e3 \u0111\u1ecdc, nh\u1eefng b\u1ed9 phim \u0111\u00e3 coi, v\u1ec1 nh\u1eefng qu\u00e1n caf\u00e9 \u0111\u00e3 gh\u00e9 qua, nh\u1eefng s\u1ef1 vi\u1ec7c \u0111\u00e3\u00a0tr\u00f4ng th\u1ea5y\u00a0v\u00e0 v\u1ec1 nh\u1eefng b\u00e0i vi\u1ebft l\u00e0m cho ng\u01b0\u1eddi ta ph\u1ea3i suy ng\u1eabm ...  Nh\u1eefng ng\u01b0\u1eddi \u0111\u1ecdc b\u00e0i tui vi\u1ebft s\u1ebd c\u00f3 2 kh\u1ea3 n\u0103ng: m\u1ed9t l\u00e0 b\u1ea1n s\u1ebd hi\u1ec3u tui th\u00eam, c\u00f2n hai l\u00e0 b\u1ea1n c\u1ea3m gi\u00e1c nh\u01b0 b\u1ea1n ch\u01b0a t\u1eebng bi\u1ebft v\u1ec1 tui nh\u01b0 b\u1ea1n t\u01b0\u1edfng. Theo th\u1eddi gian, ch\u00fang ta \u0111\u1ec1u ngh\u0129 r\u1eb1ng nh\u1eefng ng\u01b0\u1eddi xung quanh thay \u0111\u1ed5i, nh\u01b0ng \u0111i\u1ec1u \u0111\u00f3 l\u00e0 ch\u01b0a \u0111\u1ee7 b\u1edfi v\u00ec ch\u00ednh b\u1ea3n th\u00e2n ch\u00fang ta c\u0169ng thay \u0111\u1ed5i. Hy v\u1ecdng m\u1ecdi ng\u01b0\u1eddi t\u00f4n tr\u1ecdng th\u1ebf gi\u1edbi ri\u00eang c\u1ee7a tui, c\u00f2n kh\u00f4ng th\u00edch th\u00ec tui c\u0169ng c\u00e1m \u01a1n v\u00ec c\u00e1c b\u1ea1n \u0111\u00e3 d\u00e0nh th\u1eddi gian d\u1ea1o b\u01b0\u1edbc qua \u0111\u00e2y :)\" \/>\n<meta property=\"og:url\" content=\"https:\/\/nguyenmaitram.com\/blog\/about\/\" \/>\n<meta property=\"og:site_name\" content=\"Nguy\u1ec5n Mai Tr\u00e2m\" \/>\n<meta property=\"article:modified_time\" content=\"2018-02-10T17:34:08+00:00\" \/>\n<meta property=\"og:image\" content=\"http:\/\/nguyenmaitram.com\/blog\/wp-content\/uploads\/2014\/10\/DSC01922.jpg\" \/>\n<meta name=\"twitter:card\" content=\"summary_large_image\" \/>\n<meta name=\"twitter:label1\" content=\"Est. reading time\" \/>\n\t<meta name=\"twitter:data1\" content=\"1 minute\" \/>\n<script type=\"application\/ld+json\" class=\"yoast-schema-graph\">{\"@context\":\"https:\\\/\\\/schema.org\",\"@graph\":[{\"@type\":\"WebPage\",\"@id\":\"https:\\\/\\\/nguyenmaitram.com\\\/blog\\\/about\\\/\",\"url\":\"https:\\\/\\\/nguyenmaitram.com\\\/blog\\\/about\\\/\",\"name\":\"V\u1ec1 Tui - Nguy\u1ec5n Mai Tr\u00e2m\",\"isPartOf\":{\"@id\":\"https:\\\/\\\/nguyenmaitram.com\\\/blog\\\/#website\"},\"primaryImageOfPage\":{\"@id\":\"https:\\\/\\\/nguyenmaitram.com\\\/blog\\\/about\\\/#primaryimage\"},\"image\":{\"@id\":\"https:\\\/\\\/nguyenmaitram.com\\\/blog\\\/about\\\/#primaryimage\"},\"thumbnailUrl\":\"http:\\\/\\\/nguyenmaitram.com\\\/blog\\\/wp-content\\\/uploads\\\/2014\\\/10\\\/DSC01922.jpg\",\"datePublished\":\"2009-04-11T10:05:12+00:00\",\"dateModified\":\"2018-02-10T17:34:08+00:00\",\"breadcrumb\":{\"@id\":\"https:\\\/\\\/nguyenmaitram.com\\\/blog\\\/about\\\/#breadcrumb\"},\"inLanguage\":\"en-US\",\"potentialAction\":[{\"@type\":\"ReadAction\",\"target\":[\"https:\\\/\\\/nguyenmaitram.com\\\/blog\\\/about\\\/\"]}]},{\"@type\":\"ImageObject\",\"inLanguage\":\"en-US\",\"@id\":\"https:\\\/\\\/nguyenmaitram.com\\\/blog\\\/about\\\/#primaryimage\",\"url\":\"http:\\\/\\\/nguyenmaitram.com\\\/blog\\\/wp-content\\\/uploads\\\/2014\\\/10\\\/DSC01922.jpg\",\"contentUrl\":\"http:\\\/\\\/nguyenmaitram.com\\\/blog\\\/wp-content\\\/uploads\\\/2014\\\/10\\\/DSC01922.jpg\"},{\"@type\":\"BreadcrumbList\",\"@id\":\"https:\\\/\\\/nguyenmaitram.com\\\/blog\\\/about\\\/#breadcrumb\",\"itemListElement\":[{\"@type\":\"ListItem\",\"position\":1,\"name\":\"Home\",\"item\":\"https:\\\/\\\/nguyenmaitram.com\\\/blog\\\/\"},{\"@type\":\"ListItem\",\"position\":2,\"name\":\"V\u1ec1 Tui\"}]},{\"@type\":\"WebSite\",\"@id\":\"https:\\\/\\\/nguyenmaitram.com\\\/blog\\\/#website\",\"url\":\"https:\\\/\\\/nguyenmaitram.com\\\/blog\\\/\",\"name\":\"Nguy\u1ec5n Mai Tr\u00e2m\",\"description\":\"you just getting to know me\",\"potentialAction\":[{\"@type\":\"SearchAction\",\"target\":{\"@type\":\"EntryPoint\",\"urlTemplate\":\"https:\\\/\\\/nguyenmaitram.com\\\/blog\\\/?s={search_term_string}\"},\"query-input\":{\"@type\":\"PropertyValueSpecification\",\"valueRequired\":true,\"valueName\":\"search_term_string\"}}],\"inLanguage\":\"en-US\"}]}<\/script>\n<!-- \/ Yoast SEO plugin. -->","yoast_head_json":{"title":"V\u1ec1 Tui - Nguy\u1ec5n Mai Tr\u00e2m","robots":{"index":"index","follow":"follow","max-snippet":"max-snippet:-1","max-image-preview":"max-image-preview:large","max-video-preview":"max-video-preview:-1"},"canonical":"https:\/\/nguyenmaitram.com\/blog\/about\/","og_locale":"en_US","og_type":"article","og_title":"V\u1ec1 Tui - Nguy\u1ec5n Mai Tr\u00e2m","og_description":"M\u1ed9t k\u1ebb r\u1ea3nh r\u1ed7i, th\u00edch chia s\u1ebb suy ngh\u0129 v\u1ec1 nh\u1eefng cu\u1ed1n s\u00e1ch \u0111\u00e3 \u0111\u1ecdc, nh\u1eefng b\u1ed9 phim \u0111\u00e3 coi, v\u1ec1 nh\u1eefng qu\u00e1n caf\u00e9 \u0111\u00e3 gh\u00e9 qua, nh\u1eefng s\u1ef1 vi\u1ec7c \u0111\u00e3\u00a0tr\u00f4ng th\u1ea5y\u00a0v\u00e0 v\u1ec1 nh\u1eefng b\u00e0i vi\u1ebft l\u00e0m cho ng\u01b0\u1eddi ta ph\u1ea3i suy ng\u1eabm ...  Nh\u1eefng ng\u01b0\u1eddi \u0111\u1ecdc b\u00e0i tui vi\u1ebft s\u1ebd c\u00f3 2 kh\u1ea3 n\u0103ng: m\u1ed9t l\u00e0 b\u1ea1n s\u1ebd hi\u1ec3u tui th\u00eam, c\u00f2n hai l\u00e0 b\u1ea1n c\u1ea3m gi\u00e1c nh\u01b0 b\u1ea1n ch\u01b0a t\u1eebng bi\u1ebft v\u1ec1 tui nh\u01b0 b\u1ea1n t\u01b0\u1edfng. Theo th\u1eddi gian, ch\u00fang ta \u0111\u1ec1u ngh\u0129 r\u1eb1ng nh\u1eefng ng\u01b0\u1eddi xung quanh thay \u0111\u1ed5i, nh\u01b0ng \u0111i\u1ec1u \u0111\u00f3 l\u00e0 ch\u01b0a \u0111\u1ee7 b\u1edfi v\u00ec ch\u00ednh b\u1ea3n th\u00e2n ch\u00fang ta c\u0169ng thay \u0111\u1ed5i. Hy v\u1ecdng m\u1ecdi ng\u01b0\u1eddi t\u00f4n tr\u1ecdng th\u1ebf gi\u1edbi ri\u00eang c\u1ee7a tui, c\u00f2n kh\u00f4ng th\u00edch th\u00ec tui c\u0169ng c\u00e1m \u01a1n v\u00ec c\u00e1c b\u1ea1n \u0111\u00e3 d\u00e0nh th\u1eddi gian d\u1ea1o b\u01b0\u1edbc qua \u0111\u00e2y :)","og_url":"https:\/\/nguyenmaitram.com\/blog\/about\/","og_site_name":"Nguy\u1ec5n Mai Tr\u00e2m","article_modified_time":"2018-02-10T17:34:08+00:00","og_image":[{"url":"http:\/\/nguyenmaitram.com\/blog\/wp-content\/uploads\/2014\/10\/DSC01922.jpg","type":"","width":"","height":""}],"twitter_card":"summary_large_image","twitter_misc":{"Est. reading time":"1 minute"},"schema":{"@context":"https:\/\/schema.org","@graph":[{"@type":"WebPage","@id":"https:\/\/nguyenmaitram.com\/blog\/about\/","url":"https:\/\/nguyenmaitram.com\/blog\/about\/","name":"V\u1ec1 Tui - Nguy\u1ec5n Mai Tr\u00e2m","isPartOf":{"@id":"https:\/\/nguyenmaitram.com\/blog\/#website"},"primaryImageOfPage":{"@id":"https:\/\/nguyenmaitram.com\/blog\/about\/#primaryimage"},"image":{"@id":"https:\/\/nguyenmaitram.com\/blog\/about\/#primaryimage"},"thumbnailUrl":"http:\/\/nguyenmaitram.com\/blog\/wp-content\/uploads\/2014\/10\/DSC01922.jpg","datePublished":"2009-04-11T10:05:12+00:00","dateModified":"2018-02-10T17:34:08+00:00","breadcrumb":{"@id":"https:\/\/nguyenmaitram.com\/blog\/about\/#breadcrumb"},"inLanguage":"en-US","potentialAction":[{"@type":"ReadAction","target":["https:\/\/nguyenmaitram.com\/blog\/about\/"]}]},{"@type":"ImageObject","inLanguage":"en-US","@id":"https:\/\/nguyenmaitram.com\/blog\/about\/#primaryimage","url":"http:\/\/nguyenmaitram.com\/blog\/wp-content\/uploads\/2014\/10\/DSC01922.jpg","contentUrl":"http:\/\/nguyenmaitram.com\/blog\/wp-content\/uploads\/2014\/10\/DSC01922.jpg"},{"@type":"BreadcrumbList","@id":"https:\/\/nguyenmaitram.com\/blog\/about\/#breadcrumb","itemListElement":[{"@type":"ListItem","position":1,"name":"Home","item":"https:\/\/nguyenmaitram.com\/blog\/"},{"@type":"ListItem","position":2,"name":"V\u1ec1 Tui"}]},{"@type":"WebSite","@id":"https:\/\/nguyenmaitram.com\/blog\/#website","url":"https:\/\/nguyenmaitram.com\/blog\/","name":"Nguy\u1ec5n Mai Tr\u00e2m","description":"you just getting to know me","potentialAction":[{"@type":"SearchAction","target":{"@type":"EntryPoint","urlTemplate":"https:\/\/nguyenmaitram.com\/blog\/?s={search_term_string}"},"query-input":{"@type":"PropertyValueSpecification","valueRequired":true,"valueName":"search_term_string"}}],"inLanguage":"en-US"}]}},"jetpack-related-posts":[],"jetpack_likes_enabled":true,"jetpack_sharing_enabled":true,"jetpack_shortlink":"https:\/\/wp.me\/P5gdNE-9","_links":{"self":[{"href":"https:\/\/nguyenmaitram.com\/blog\/wp-json\/wp\/v2\/pages\/9","targetHints":{"allow":["GET"]}}],"collection":[{"href":"https:\/\/nguyenmaitram.com\/blog\/wp-json\/wp\/v2\/pages"}],"about":[{"href":"https:\/\/nguyenmaitram.com\/blog\/wp-json\/wp\/v2\/types\/page"}],"author":[{"embeddable":true,"href":"https:\/\/nguyenmaitram.com\/blog\/wp-json\/wp\/v2\/users\/1"}],"replies":[{"embeddable":true,"href":"https:\/\/nguyenmaitram.com\/blog\/wp-json\/wp\/v2\/comments?post=9"}],"version-history":[{"count":0,"href":"https:\/\/nguyenmaitram.com\/blog\/wp-json\/wp\/v2\/pages\/9\/revisions"}],"wp:attachment":[{"href":"https:\/\/nguyenmaitram.com\/blog\/wp-json\/wp\/v2\/media?parent=9"}],"curies":[{"name":"wp","href":"https:\/\/api.w.org\/{rel}","templated":true}]}}