{"id":571,"date":"2014-12-05T12:13:22","date_gmt":"2014-12-05T05:13:22","guid":{"rendered":"http:\/\/nguyenmaitram.com\/blog\/?page_id=571"},"modified":"2017-12-21T14:01:25","modified_gmt":"2017-12-21T07:01:25","slug":"meanwhile-world","status":"publish","type":"page","link":"https:\/\/nguyenmaitram.com\/blog\/hinh-anh\/meanwhile-world\/","title":{"rendered":"Meanwhile in my world"},"content":{"rendered":"<div class=\"tiled-gallery type-rectangular tiled-gallery-unresized\" data-original-width=\"500\" data-carousel-extra='{&quot;blog_id&quot;:1,&quot;permalink&quot;:&quot;https:\\\/\\\/nguyenmaitram.com\\\/blog\\\/hinh-anh\\\/meanwhile-world\\\/&quot;,&quot;likes_blog_id&quot;:77747978}' itemscope itemtype=\"http:\/\/schema.org\/ImageGallery\" > <div class=\"gallery-row\" style=\"width: 500px; height: 351px;\" data-original-width=\"500\" data-original-height=\"351\" > <div class=\"gallery-group images-1\" style=\"width: 265px; height: 351px;\" data-original-width=\"265\" data-original-height=\"351\" > <div class=\"tiled-gallery-item tiled-gallery-item-large\" itemprop=\"associatedMedia\" itemscope itemtype=\"http:\/\/schema.org\/ImageObject\"> <a href=\"https:\/\/i0.wp.com\/nguyenmaitram.com\/blog\/wp-content\/uploads\/2015\/03\/FullSizeRender.jpg?ssl=1\" border=\"0\" itemprop=\"url\"> <meta itemprop=\"width\" content=\"261\"> <meta itemprop=\"height\" content=\"347\"> <img decoding=\"async\" class=\"\" data-attachment-id=\"641\" data-orig-file=\"https:\/\/nguyenmaitram.com\/blog\/wp-content\/uploads\/2015\/03\/FullSizeRender.jpg\" data-orig-size=\"1536,2048\" data-comments-opened=\"1\" data-image-meta=\"{&quot;aperture&quot;:&quot;2.2&quot;,&quot;credit&quot;:&quot;&quot;,&quot;camera&quot;:&quot;iPhone 6&quot;,&quot;caption&quot;:&quot;&quot;,&quot;created_timestamp&quot;:&quot;1424521155&quot;,&quot;copyright&quot;:&quot;&quot;,&quot;focal_length&quot;:&quot;4.15&quot;,&quot;iso&quot;:&quot;32&quot;,&quot;shutter_speed&quot;:&quot;0.0166666666667&quot;,&quot;title&quot;:&quot;&quot;,&quot;orientation&quot;:&quot;0&quot;}\" data-image-title=\"D\u1ea1o T\u1ebft\" data-image-description=\"&lt;p&gt;D\u1ea1o ph\u1ed1 S\u00e0i G\u00f2n \u1ea4t M\u00f9i 2015 &amp;#8211; by Nguy\u1ec5n Mai Tr\u00e2m&lt;\/p&gt; \" data-medium-file=\"https:\/\/i0.wp.com\/nguyenmaitram.com\/blog\/wp-content\/uploads\/2015\/03\/FullSizeRender.jpg?fit=225%2C300&#038;ssl=1\" data-large-file=\"https:\/\/i0.wp.com\/nguyenmaitram.com\/blog\/wp-content\/uploads\/2015\/03\/FullSizeRender.jpg?fit=768%2C1024&#038;ssl=1\" src=\"https:\/\/i0.wp.com\/nguyenmaitram.com\/blog\/wp-content\/uploads\/2015\/03\/FullSizeRender.jpg?w=261&#038;h=347&#038;ssl=1\" srcset=\"https:\/\/i0.wp.com\/nguyenmaitram.com\/blog\/wp-content\/uploads\/2015\/03\/FullSizeRender.jpg?w=1536&amp;ssl=1 1536w, https:\/\/i0.wp.com\/nguyenmaitram.com\/blog\/wp-content\/uploads\/2015\/03\/FullSizeRender.jpg?resize=225%2C300&amp;ssl=1 225w, https:\/\/i0.wp.com\/nguyenmaitram.com\/blog\/wp-content\/uploads\/2015\/03\/FullSizeRender.jpg?resize=450%2C600&amp;ssl=1 450w, https:\/\/i0.wp.com\/nguyenmaitram.com\/blog\/wp-content\/uploads\/2015\/03\/FullSizeRender.jpg?resize=768%2C1024&amp;ssl=1 768w\" width=\"261\" height=\"347\" loading=\"lazy\" data-original-width=\"261\" data-original-height=\"347\" itemprop=\"http:\/\/schema.org\/image\" title=\"D\u1ea1o T\u1ebft\" alt=\"D\u1ea1o ph\u1ed1 S\u00e0i G\u00f2n \u1ea4t M\u00f9i 2015 - by Nguy\u1ec5n Mai Tr\u00e2m\" style=\"width: 261px; height: 347px;\" \/> <\/a> <div class=\"tiled-gallery-caption\" itemprop=\"caption description\"> Ngh\u1ec9 tr\u01b0a <\/div> <\/div> <\/div> <!-- close group --> <div class=\"gallery-group images-1\" style=\"width: 235px; height: 351px;\" data-original-width=\"235\" data-original-height=\"351\" > <div class=\"tiled-gallery-item tiled-gallery-item-small\" itemprop=\"associatedMedia\" itemscope itemtype=\"http:\/\/schema.org\/ImageObject\"> <a href=\"https:\/\/i0.wp.com\/nguyenmaitram.com\/blog\/wp-content\/uploads\/2014\/10\/img_1136-e1414749265850.jpg?ssl=1\" border=\"0\" itemprop=\"url\"> <meta itemprop=\"width\" content=\"231\"> <meta itemprop=\"height\" content=\"347\"> <img decoding=\"async\" class=\"\" data-attachment-id=\"374\" data-orig-file=\"https:\/\/nguyenmaitram.com\/blog\/wp-content\/uploads\/2014\/10\/img_1136-e1414749265850.jpg\" data-orig-size=\"853,1280\" data-comments-opened=\"1\" data-image-meta=\"{&quot;aperture&quot;:&quot;16&quot;,&quot;credit&quot;:&quot;Demifantasy&quot;,&quot;camera&quot;:&quot;Canon EOS Kiss X7i&quot;,&quot;caption&quot;:&quot;&quot;,&quot;created_timestamp&quot;:&quot;1412510867&quot;,&quot;copyright&quot;:&quot;Demifantasy&quot;,&quot;focal_length&quot;:&quot;32&quot;,&quot;iso&quot;:&quot;400&quot;,&quot;shutter_speed&quot;:&quot;0.0666666666667&quot;,&quot;title&quot;:&quot;&quot;,&quot;orientation&quot;:&quot;1&quot;}\" data-image-title=\"IMG_1136\" data-image-description=\"\" data-medium-file=\"https:\/\/i0.wp.com\/nguyenmaitram.com\/blog\/wp-content\/uploads\/2014\/10\/img_1136-e1414749265850.jpg?fit=200%2C300&#038;ssl=1\" data-large-file=\"https:\/\/i0.wp.com\/nguyenmaitram.com\/blog\/wp-content\/uploads\/2014\/10\/img_1136-e1414749265850.jpg?fit=682%2C1024&#038;ssl=1\" src=\"https:\/\/i0.wp.com\/nguyenmaitram.com\/blog\/wp-content\/uploads\/2014\/10\/img_1136-e1414749265850.jpg?w=231&#038;h=347&#038;ssl=1\" width=\"231\" height=\"347\" loading=\"lazy\" data-original-width=\"231\" data-original-height=\"347\" itemprop=\"http:\/\/schema.org\/image\" title=\"IMG_1136\" alt=\"Th\u1ea3m s\u00e1t n\u01a1i s\u1edf th\u00fa S\u00e0i G\u00f2n\" style=\"width: 231px; height: 347px;\" \/> <\/a> <div class=\"tiled-gallery-caption\" itemprop=\"caption description\"> Th\u1ea3m s\u00e1t n\u01a1i s\u1edf th\u00fa S\u00e0i G\u00f2n <\/div> <\/div> <\/div> <!-- close group --> <\/div> <!-- close row --> <div class=\"gallery-row\" style=\"width: 500px; height: 353px;\" data-original-width=\"500\" data-original-height=\"353\" > <div class=\"gallery-group images-2\" style=\"width: 263px; height: 353px;\" data-original-width=\"263\" data-original-height=\"353\" > <div class=\"tiled-gallery-item tiled-gallery-item-large\" itemprop=\"associatedMedia\" itemscope itemtype=\"http:\/\/schema.org\/ImageObject\"> <a href=\"https:\/\/i0.wp.com\/nguyenmaitram.com\/blog\/wp-content\/uploads\/2014\/10\/IMG_1180-e1414749121499.jpg?ssl=1\" border=\"0\" itemprop=\"url\"> <meta itemprop=\"width\" content=\"259\"> <meta itemprop=\"height\" content=\"172\"> <img decoding=\"async\" class=\"\" data-attachment-id=\"462\" data-orig-file=\"https:\/\/nguyenmaitram.com\/blog\/wp-content\/uploads\/2014\/10\/IMG_1180-e1414749121499.jpg\" data-orig-size=\"1280,853\" data-comments-opened=\"1\" data-image-meta=\"{&quot;aperture&quot;:&quot;2.8&quot;,&quot;credit&quot;:&quot;Demifantasy&quot;,&quot;camera&quot;:&quot;Canon EOS Kiss X7i&quot;,&quot;caption&quot;:&quot;&quot;,&quot;created_timestamp&quot;:&quot;1412513834&quot;,&quot;copyright&quot;:&quot;Demifantasy&quot;,&quot;focal_length&quot;:&quot;50&quot;,&quot;iso&quot;:&quot;800&quot;,&quot;shutter_speed&quot;:&quot;0.00025&quot;,&quot;title&quot;:&quot;&quot;,&quot;orientation&quot;:&quot;1&quot;}\" data-image-title=\"IMG_1180\" data-image-description=\"\" data-medium-file=\"https:\/\/i0.wp.com\/nguyenmaitram.com\/blog\/wp-content\/uploads\/2014\/10\/IMG_1180-e1414749121499.jpg?fit=300%2C200&#038;ssl=1\" data-large-file=\"https:\/\/i0.wp.com\/nguyenmaitram.com\/blog\/wp-content\/uploads\/2014\/10\/IMG_1180-e1414749121499.jpg?fit=1024%2C682&#038;ssl=1\" src=\"https:\/\/i0.wp.com\/nguyenmaitram.com\/blog\/wp-content\/uploads\/2014\/10\/IMG_1180-e1414749121499.jpg?w=259&#038;h=172&#038;ssl=1\" width=\"259\" height=\"172\" loading=\"lazy\" data-original-width=\"259\" data-original-height=\"172\" itemprop=\"http:\/\/schema.org\/image\" title=\"IMG_1180\" alt=\"She sells what he likes\" style=\"width: 259px; height: 172px;\" \/> <\/a> <div class=\"tiled-gallery-caption\" itemprop=\"caption description\"> She sells what he likes <\/div> <\/div> <div class=\"tiled-gallery-item tiled-gallery-item-large\" itemprop=\"associatedMedia\" itemscope itemtype=\"http:\/\/schema.org\/ImageObject\"> <a href=\"https:\/\/i0.wp.com\/nguyenmaitram.com\/blog\/wp-content\/uploads\/2015\/03\/IMG_0434.jpg?ssl=1\" border=\"0\" itemprop=\"url\"> <meta itemprop=\"width\" content=\"259\"> <meta itemprop=\"height\" content=\"173\"> <img decoding=\"async\" class=\"\" data-attachment-id=\"640\" data-orig-file=\"https:\/\/nguyenmaitram.com\/blog\/wp-content\/uploads\/2015\/03\/IMG_0434.jpg\" data-orig-size=\"2048,1365\" data-comments-opened=\"1\" data-image-meta=\"{&quot;aperture&quot;:&quot;2.8&quot;,&quot;credit&quot;:&quot;Demifantasy&quot;,&quot;camera&quot;:&quot;Canon EOS Kiss X7i&quot;,&quot;caption&quot;:&quot;&quot;,&quot;created_timestamp&quot;:&quot;1424176212&quot;,&quot;copyright&quot;:&quot;Demifantasy&quot;,&quot;focal_length&quot;:&quot;36&quot;,&quot;iso&quot;:&quot;400&quot;,&quot;shutter_speed&quot;:&quot;0.00025&quot;,&quot;title&quot;:&quot;&quot;,&quot;orientation&quot;:&quot;1&quot;}\" data-image-title=\"D\u1ea1o T\u1ebft\" data-image-description=\"&lt;p&gt;D\u1ea1o ph\u1ed1 S\u00e0i G\u00f2n \u1ea4t M\u00f9i 2015&lt;\/p&gt; \" data-medium-file=\"https:\/\/i0.wp.com\/nguyenmaitram.com\/blog\/wp-content\/uploads\/2015\/03\/IMG_0434.jpg?fit=300%2C200&#038;ssl=1\" data-large-file=\"https:\/\/i0.wp.com\/nguyenmaitram.com\/blog\/wp-content\/uploads\/2015\/03\/IMG_0434.jpg?fit=1024%2C683&#038;ssl=1\" src=\"https:\/\/i0.wp.com\/nguyenmaitram.com\/blog\/wp-content\/uploads\/2015\/03\/IMG_0434.jpg?w=259&#038;h=173&#038;ssl=1\" srcset=\"https:\/\/i0.wp.com\/nguyenmaitram.com\/blog\/wp-content\/uploads\/2015\/03\/IMG_0434.jpg?w=2048&amp;ssl=1 2048w, https:\/\/i0.wp.com\/nguyenmaitram.com\/blog\/wp-content\/uploads\/2015\/03\/IMG_0434.jpg?resize=300%2C200&amp;ssl=1 300w, https:\/\/i0.wp.com\/nguyenmaitram.com\/blog\/wp-content\/uploads\/2015\/03\/IMG_0434.jpg?resize=800%2C533&amp;ssl=1 800w, https:\/\/i0.wp.com\/nguyenmaitram.com\/blog\/wp-content\/uploads\/2015\/03\/IMG_0434.jpg?resize=1024%2C683&amp;ssl=1 1024w\" width=\"259\" height=\"173\" loading=\"lazy\" data-original-width=\"259\" data-original-height=\"173\" itemprop=\"http:\/\/schema.org\/image\" title=\"D\u1ea1o T\u1ebft\" alt=\"D\u1ea1o ph\u1ed1 S\u00e0i G\u00f2n \u1ea4t M\u00f9i 2015 - photo by Nguy\u1ec5n Mai Tr\u00e2m\" style=\"width: 259px; height: 173px;\" \/> <\/a> <div class=\"tiled-gallery-caption\" itemprop=\"caption description\"> Tr\u0103m n\u0103m trong c\u00f5i ng\u01b0\u1eddi ta &#8230; <\/div> <\/div> <\/div> <!-- close group --> <div class=\"gallery-group images-1\" style=\"width: 237px; height: 353px;\" data-original-width=\"237\" data-original-height=\"353\" > <div class=\"tiled-gallery-item tiled-gallery-item-small\" itemprop=\"associatedMedia\" itemscope itemtype=\"http:\/\/schema.org\/ImageObject\"> <a href=\"https:\/\/i0.wp.com\/nguyenmaitram.com\/blog\/wp-content\/uploads\/2014\/10\/img_1138-e1414749285777.jpg?ssl=1\" border=\"0\" itemprop=\"url\"> <meta itemprop=\"width\" content=\"233\"> <meta itemprop=\"height\" content=\"349\"> <img decoding=\"async\" class=\"\" data-attachment-id=\"386\" data-orig-file=\"https:\/\/nguyenmaitram.com\/blog\/wp-content\/uploads\/2014\/10\/img_1138-e1414749285777.jpg\" data-orig-size=\"853,1280\" data-comments-opened=\"1\" data-image-meta=\"{&quot;aperture&quot;:&quot;16&quot;,&quot;credit&quot;:&quot;Demifantasy&quot;,&quot;camera&quot;:&quot;Canon EOS Kiss X7i&quot;,&quot;caption&quot;:&quot;&quot;,&quot;created_timestamp&quot;:&quot;1412511012&quot;,&quot;copyright&quot;:&quot;Demifantasy&quot;,&quot;focal_length&quot;:&quot;40&quot;,&quot;iso&quot;:&quot;400&quot;,&quot;shutter_speed&quot;:&quot;0.02&quot;,&quot;title&quot;:&quot;&quot;,&quot;orientation&quot;:&quot;1&quot;}\" data-image-title=\"IMG_1138\" data-image-description=\"\" data-medium-file=\"https:\/\/i0.wp.com\/nguyenmaitram.com\/blog\/wp-content\/uploads\/2014\/10\/img_1138-e1414749285777.jpg?fit=200%2C300&#038;ssl=1\" data-large-file=\"https:\/\/i0.wp.com\/nguyenmaitram.com\/blog\/wp-content\/uploads\/2014\/10\/img_1138-e1414749285777.jpg?fit=682%2C1024&#038;ssl=1\" src=\"https:\/\/i0.wp.com\/nguyenmaitram.com\/blog\/wp-content\/uploads\/2014\/10\/img_1138-e1414749285777.jpg?w=233&#038;h=349&#038;ssl=1\" width=\"233\" height=\"349\" loading=\"lazy\" data-original-width=\"233\" data-original-height=\"349\" itemprop=\"http:\/\/schema.org\/image\" title=\"IMG_1138\" alt=\"H\u00f2ng tho\u00e1t th\u00e2n\" style=\"width: 233px; height: 349px;\" \/> <\/a> <div class=\"tiled-gallery-caption\" itemprop=\"caption description\"> H\u00f2ng tho\u00e1t th\u00e2n <\/div> <\/div> <\/div> <!-- close group --> <\/div> <!-- close row --> <div class=\"gallery-row\" style=\"width: 500px; height: 231px;\" data-original-width=\"500\" data-original-height=\"231\" > <div class=\"gallery-group images-1\" style=\"width: 345px; height: 231px;\" data-original-width=\"345\" data-original-height=\"231\" > <div class=\"tiled-gallery-item tiled-gallery-item-large\" itemprop=\"associatedMedia\" itemscope itemtype=\"http:\/\/schema.org\/ImageObject\"> <a href=\"https:\/\/i0.wp.com\/nguyenmaitram.com\/blog\/wp-content\/uploads\/2015\/08\/IMG_2164-0.jpg?ssl=1\" border=\"0\" itemprop=\"url\"> <meta itemprop=\"width\" content=\"341\"> <meta itemprop=\"height\" content=\"227\"> <img decoding=\"async\" class=\"\" data-attachment-id=\"739\" data-orig-file=\"https:\/\/nguyenmaitram.com\/blog\/wp-content\/uploads\/2015\/08\/IMG_2164-0.jpg\" data-orig-size=\"2048,1365\" data-comments-opened=\"1\" data-image-meta=\"{&quot;aperture&quot;:&quot;2.8&quot;,&quot;credit&quot;:&quot;Demifantasy&quot;,&quot;camera&quot;:&quot;Canon EOS Kiss X7i&quot;,&quot;caption&quot;:&quot;&quot;,&quot;created_timestamp&quot;:&quot;1439742457&quot;,&quot;copyright&quot;:&quot;Demifantasy&quot;,&quot;focal_length&quot;:&quot;26&quot;,&quot;iso&quot;:&quot;400&quot;,&quot;shutter_speed&quot;:&quot;0.00125&quot;,&quot;title&quot;:&quot;&quot;,&quot;orientation&quot;:&quot;1&quot;}\" data-image-title=\"V\u0103n minh th\u00e0nh ph\u1ed1\" data-image-description=\"&lt;p&gt;V\u0103n minh th\u00e0nh ph\u1ed1, qu\u1eadn 7, s\u00e0i g\u00f2n&lt;\/p&gt; \" data-medium-file=\"https:\/\/i0.wp.com\/nguyenmaitram.com\/blog\/wp-content\/uploads\/2015\/08\/IMG_2164-0.jpg?fit=300%2C200&#038;ssl=1\" data-large-file=\"https:\/\/i0.wp.com\/nguyenmaitram.com\/blog\/wp-content\/uploads\/2015\/08\/IMG_2164-0.jpg?fit=1024%2C683&#038;ssl=1\" src=\"https:\/\/i0.wp.com\/nguyenmaitram.com\/blog\/wp-content\/uploads\/2015\/08\/IMG_2164-0.jpg?w=341&#038;h=227&#038;ssl=1\" srcset=\"https:\/\/i0.wp.com\/nguyenmaitram.com\/blog\/wp-content\/uploads\/2015\/08\/IMG_2164-0.jpg?w=2048&amp;ssl=1 2048w, https:\/\/i0.wp.com\/nguyenmaitram.com\/blog\/wp-content\/uploads\/2015\/08\/IMG_2164-0.jpg?resize=300%2C200&amp;ssl=1 300w, https:\/\/i0.wp.com\/nguyenmaitram.com\/blog\/wp-content\/uploads\/2015\/08\/IMG_2164-0.jpg?resize=800%2C533&amp;ssl=1 800w, https:\/\/i0.wp.com\/nguyenmaitram.com\/blog\/wp-content\/uploads\/2015\/08\/IMG_2164-0.jpg?resize=1024%2C683&amp;ssl=1 1024w\" width=\"341\" height=\"227\" loading=\"lazy\" data-original-width=\"341\" data-original-height=\"227\" itemprop=\"http:\/\/schema.org\/image\" title=\"V\u0103n minh th\u00e0nh ph\u1ed1\" alt=\"V\u0103n minh th\u00e0nh ph\u1ed1, qu\u1eadn 7, s\u00e0i g\u00f2n - by Nguy\u1ec5n Mai Tr\u00e2m\" style=\"width: 341px; height: 227px;\" \/> <\/a> <div class=\"tiled-gallery-caption\" itemprop=\"caption description\"> V\u0103n minh th\u00e0nh ph\u1ed1 <\/div> <\/div> <\/div> <!-- close group --> <div class=\"gallery-group images-1\" style=\"width: 155px; height: 231px;\" data-original-width=\"155\" data-original-height=\"231\" > <div class=\"tiled-gallery-item tiled-gallery-item-small\" itemprop=\"associatedMedia\" itemscope itemtype=\"http:\/\/schema.org\/ImageObject\"> <a href=\"https:\/\/i0.wp.com\/nguyenmaitram.com\/blog\/wp-content\/uploads\/2014\/10\/img_1135-e1414749298604.jpg?ssl=1\" border=\"0\" itemprop=\"url\"> <meta itemprop=\"width\" content=\"151\"> <meta itemprop=\"height\" content=\"227\"> <img decoding=\"async\" class=\"\" data-attachment-id=\"385\" data-orig-file=\"https:\/\/nguyenmaitram.com\/blog\/wp-content\/uploads\/2014\/10\/img_1135-e1414749298604.jpg\" data-orig-size=\"853,1280\" data-comments-opened=\"1\" data-image-meta=\"{&quot;aperture&quot;:&quot;16&quot;,&quot;credit&quot;:&quot;Demifantasy&quot;,&quot;camera&quot;:&quot;Canon EOS Kiss X7i&quot;,&quot;caption&quot;:&quot;&quot;,&quot;created_timestamp&quot;:&quot;1412510779&quot;,&quot;copyright&quot;:&quot;Demifantasy&quot;,&quot;focal_length&quot;:&quot;34&quot;,&quot;iso&quot;:&quot;400&quot;,&quot;shutter_speed&quot;:&quot;0.0166666666667&quot;,&quot;title&quot;:&quot;&quot;,&quot;orientation&quot;:&quot;1&quot;}\" data-image-title=\"IMG_1135\" data-image-description=\"\" data-medium-file=\"https:\/\/i0.wp.com\/nguyenmaitram.com\/blog\/wp-content\/uploads\/2014\/10\/img_1135-e1414749298604.jpg?fit=200%2C300&#038;ssl=1\" data-large-file=\"https:\/\/i0.wp.com\/nguyenmaitram.com\/blog\/wp-content\/uploads\/2014\/10\/img_1135-e1414749298604.jpg?fit=682%2C1024&#038;ssl=1\" src=\"https:\/\/i0.wp.com\/nguyenmaitram.com\/blog\/wp-content\/uploads\/2014\/10\/img_1135-e1414749298604.jpg?w=151&#038;h=227&#038;ssl=1\" width=\"151\" height=\"227\" loading=\"lazy\" data-original-width=\"151\" data-original-height=\"227\" itemprop=\"http:\/\/schema.org\/image\" title=\"IMG_1135\" alt=\"Ki\u1ec3m tra r\u0103ng mi\u1ec7ng c\u00e1i coi ...\" style=\"width: 151px; height: 227px;\" \/> <\/a> <div class=\"tiled-gallery-caption\" itemprop=\"caption description\"> Ki\u1ec3m tra r\u0103ng mi\u1ec7ng c\u00e1i coi &#8230; <\/div> <\/div> <\/div> <!-- close group --> <\/div> <!-- close row --> <\/div>\n","protected":false},"excerpt":{"rendered":"","protected":false},"author":1,"featured_media":0,"parent":375,"menu_order":0,"comment_status":"open","ping_status":"closed","template":"page-full.php","meta":{"footnotes":""},"class_list":["post-571","page","type-page","status-publish","hentry"],"yoast_head":"<!-- This site is optimized with the Yoast SEO plugin v27.5 - https:\/\/yoast.com\/product\/yoast-seo-wordpress\/ -->\n<title>Meanwhile in my world - Nguy\u1ec5n Mai Tr\u00e2m<\/title>\n<meta name=\"robots\" content=\"index, follow, max-snippet:-1, max-image-preview:large, max-video-preview:-1\" \/>\n<link rel=\"canonical\" href=\"https:\/\/nguyenmaitram.com\/blog\/hinh-anh\/meanwhile-world\/\" \/>\n<meta property=\"og:locale\" content=\"en_US\" \/>\n<meta property=\"og:type\" content=\"article\" \/>\n<meta property=\"og:title\" content=\"Meanwhile in my world - Nguy\u1ec5n Mai Tr\u00e2m\" \/>\n<meta property=\"og:url\" content=\"https:\/\/nguyenmaitram.com\/blog\/hinh-anh\/meanwhile-world\/\" \/>\n<meta property=\"og:site_name\" content=\"Nguy\u1ec5n Mai Tr\u00e2m\" \/>\n<meta property=\"article:modified_time\" content=\"2017-12-21T07:01:25+00:00\" \/>\n<meta property=\"og:image\" content=\"https:\/\/i0.wp.com\/nguyenmaitram.com\/blog\/wp-content\/uploads\/2014\/10\/img_1138-e1414749285777.jpg?w=115&#038;h=172&#038;ssl=1\" \/>\n<meta name=\"twitter:card\" content=\"summary_large_image\" \/>\n<script type=\"application\/ld+json\" class=\"yoast-schema-graph\">{\"@context\":\"https:\\\/\\\/schema.org\",\"@graph\":[{\"@type\":\"WebPage\",\"@id\":\"https:\\\/\\\/nguyenmaitram.com\\\/blog\\\/hinh-anh\\\/meanwhile-world\\\/\",\"url\":\"https:\\\/\\\/nguyenmaitram.com\\\/blog\\\/hinh-anh\\\/meanwhile-world\\\/\",\"name\":\"Meanwhile in my world - Nguy\u1ec5n Mai Tr\u00e2m\",\"isPartOf\":{\"@id\":\"https:\\\/\\\/nguyenmaitram.com\\\/blog\\\/#website\"},\"datePublished\":\"2014-12-05T05:13:22+00:00\",\"dateModified\":\"2017-12-21T07:01:25+00:00\",\"breadcrumb\":{\"@id\":\"https:\\\/\\\/nguyenmaitram.com\\\/blog\\\/hinh-anh\\\/meanwhile-world\\\/#breadcrumb\"},\"inLanguage\":\"en-US\",\"potentialAction\":[{\"@type\":\"ReadAction\",\"target\":[\"https:\\\/\\\/nguyenmaitram.com\\\/blog\\\/hinh-anh\\\/meanwhile-world\\\/\"]}]},{\"@type\":\"BreadcrumbList\",\"@id\":\"https:\\\/\\\/nguyenmaitram.com\\\/blog\\\/hinh-anh\\\/meanwhile-world\\\/#breadcrumb\",\"itemListElement\":[{\"@type\":\"ListItem\",\"position\":1,\"name\":\"Home\",\"item\":\"https:\\\/\\\/nguyenmaitram.com\\\/blog\\\/\"},{\"@type\":\"ListItem\",\"position\":2,\"name\":\"H\u00ecnh \u1ea2nh\",\"item\":\"https:\\\/\\\/nguyenmaitram.com\\\/blog\\\/hinh-anh\\\/\"},{\"@type\":\"ListItem\",\"position\":3,\"name\":\"Meanwhile in my world\"}]},{\"@type\":\"WebSite\",\"@id\":\"https:\\\/\\\/nguyenmaitram.com\\\/blog\\\/#website\",\"url\":\"https:\\\/\\\/nguyenmaitram.com\\\/blog\\\/\",\"name\":\"Nguy\u1ec5n Mai Tr\u00e2m\",\"description\":\"you just getting to know me\",\"potentialAction\":[{\"@type\":\"SearchAction\",\"target\":{\"@type\":\"EntryPoint\",\"urlTemplate\":\"https:\\\/\\\/nguyenmaitram.com\\\/blog\\\/?s={search_term_string}\"},\"query-input\":{\"@type\":\"PropertyValueSpecification\",\"valueRequired\":true,\"valueName\":\"search_term_string\"}}],\"inLanguage\":\"en-US\"}]}<\/script>\n<!-- \/ Yoast SEO plugin. -->","yoast_head_json":{"title":"Meanwhile in my world - Nguy\u1ec5n Mai Tr\u00e2m","robots":{"index":"index","follow":"follow","max-snippet":"max-snippet:-1","max-image-preview":"max-image-preview:large","max-video-preview":"max-video-preview:-1"},"canonical":"https:\/\/nguyenmaitram.com\/blog\/hinh-anh\/meanwhile-world\/","og_locale":"en_US","og_type":"article","og_title":"Meanwhile in my world - Nguy\u1ec5n Mai Tr\u00e2m","og_url":"https:\/\/nguyenmaitram.com\/blog\/hinh-anh\/meanwhile-world\/","og_site_name":"Nguy\u1ec5n Mai Tr\u00e2m","article_modified_time":"2017-12-21T07:01:25+00:00","og_image":[{"url":"https:\/\/i0.wp.com\/nguyenmaitram.com\/blog\/wp-content\/uploads\/2014\/10\/img_1138-e1414749285777.jpg?w=115&#038;h=172&#038;ssl=1","type":"","width":"","height":""}],"twitter_card":"summary_large_image","schema":{"@context":"https:\/\/schema.org","@graph":[{"@type":"WebPage","@id":"https:\/\/nguyenmaitram.com\/blog\/hinh-anh\/meanwhile-world\/","url":"https:\/\/nguyenmaitram.com\/blog\/hinh-anh\/meanwhile-world\/","name":"Meanwhile in my world - Nguy\u1ec5n Mai Tr\u00e2m","isPartOf":{"@id":"https:\/\/nguyenmaitram.com\/blog\/#website"},"datePublished":"2014-12-05T05:13:22+00:00","dateModified":"2017-12-21T07:01:25+00:00","breadcrumb":{"@id":"https:\/\/nguyenmaitram.com\/blog\/hinh-anh\/meanwhile-world\/#breadcrumb"},"inLanguage":"en-US","potentialAction":[{"@type":"ReadAction","target":["https:\/\/nguyenmaitram.com\/blog\/hinh-anh\/meanwhile-world\/"]}]},{"@type":"BreadcrumbList","@id":"https:\/\/nguyenmaitram.com\/blog\/hinh-anh\/meanwhile-world\/#breadcrumb","itemListElement":[{"@type":"ListItem","position":1,"name":"Home","item":"https:\/\/nguyenmaitram.com\/blog\/"},{"@type":"ListItem","position":2,"name":"H\u00ecnh \u1ea2nh","item":"https:\/\/nguyenmaitram.com\/blog\/hinh-anh\/"},{"@type":"ListItem","position":3,"name":"Meanwhile in my world"}]},{"@type":"WebSite","@id":"https:\/\/nguyenmaitram.com\/blog\/#website","url":"https:\/\/nguyenmaitram.com\/blog\/","name":"Nguy\u1ec5n Mai Tr\u00e2m","description":"you just getting to know me","potentialAction":[{"@type":"SearchAction","target":{"@type":"EntryPoint","urlTemplate":"https:\/\/nguyenmaitram.com\/blog\/?s={search_term_string}"},"query-input":{"@type":"PropertyValueSpecification","valueRequired":true,"valueName":"search_term_string"}}],"inLanguage":"en-US"}]}},"jetpack-related-posts":[],"jetpack_likes_enabled":true,"jetpack_sharing_enabled":true,"jetpack_shortlink":"https:\/\/wp.me\/P5gdNE-9d","_links":{"self":[{"href":"https:\/\/nguyenmaitram.com\/blog\/wp-json\/wp\/v2\/pages\/571","targetHints":{"allow":["GET"]}}],"collection":[{"href":"https:\/\/nguyenmaitram.com\/blog\/wp-json\/wp\/v2\/pages"}],"about":[{"href":"https:\/\/nguyenmaitram.com\/blog\/wp-json\/wp\/v2\/types\/page"}],"author":[{"embeddable":true,"href":"https:\/\/nguyenmaitram.com\/blog\/wp-json\/wp\/v2\/users\/1"}],"replies":[{"embeddable":true,"href":"https:\/\/nguyenmaitram.com\/blog\/wp-json\/wp\/v2\/comments?post=571"}],"version-history":[{"count":0,"href":"https:\/\/nguyenmaitram.com\/blog\/wp-json\/wp\/v2\/pages\/571\/revisions"}],"up":[{"embeddable":true,"href":"https:\/\/nguyenmaitram.com\/blog\/wp-json\/wp\/v2\/pages\/375"}],"wp:attachment":[{"href":"https:\/\/nguyenmaitram.com\/blog\/wp-json\/wp\/v2\/media?parent=571"}],"curies":[{"name":"wp","href":"https:\/\/api.w.org\/{rel}","templated":true}]}}